{"id":49,"date":"2021-02-13T17:50:10","date_gmt":"2021-02-13T17:50:10","guid":{"rendered":"https:\/\/boxer-von-minas-tirith.de\/?page_id=49"},"modified":"2023-06-09T23:00:41","modified_gmt":"2023-06-09T22:00:41","slug":"impressum","status":"publish","type":"page","link":"https:\/\/boxer-von-minas-tirith.de\/wordpress\/impressum\/","title":{"rendered":"Impressum"},"content":{"rendered":"\n<p>Diese Homepage verfolgt keine kommerziellen Ziele, sondern wurde von Boxerfreunden f\u00fcr Boxerfreunde gemacht. Sie soll dem Besucher eine M\u00f6glichkeit bieten, sich \u00fcber unsere Boxer und unsere Zucht zu informieren. Die Rechte der Bildschirmfotos liegen ausschliesslich beim Webmaster. Das Material ist deshalb nicht zur freien Verf\u00fcgung gedacht, sondern ausschliesslich nur f\u00fcr diese Website. Urheberrecht Layout und Gestaltung der HP insgesamt sowie seiner einzelnen Elemente sind urheberrechtlich gesch\u00fctzt. Wir haben uns bem\u00fcht, in allen Publikationen die Urheberrechte der verwendeten Grafiken und Texte zu beachten, selbst erstellte Grafiken und Texte zu nutzen oder auf lizenzfreie Grafiken und Texte zur\u00fcckzugreifen. Sollte sich auf den jeweiligen Seiten dennoch eine ungekennzeichnete, oder durch ein fremdes Copyright gesch\u00fctzte Grafik oder ein Text befinden, so war dies nicht beabsichtigt. Im Falle einer solchen unbeabsichtigten Copyrightverletzung wird der Webmaster das entsprechende Objekt nach Benachrichtigung aus seiner Publikation entfernen bzw. mit dem entsprechenden Copyright kenntlich machen. Das Copyright f\u00fcr ver\u00f6ffentlichte, vom Webmaster selbst erstellte Objekte bleibt allein beim Autor der Seiten. Eine Vervielf\u00e4ltigung oder Verwendung solcher Grafiken und Texte in anderen elektronischen oder gedruckten Publikationen ist ohne ausdr\u00fcckliche Zustimmung nicht gestattet. \u00a9 <\/p>\n\n\n\n<p>Copyright Boxer von Minas Tirith 2013 Webmaster und verantwortlich f\u00fcr den Inhalt:<\/p>\n\n\n\n<p><strong>Angaben gem\u00e4\u00df \u00a7 5 TMG<\/strong><br>Frank Windischmann<br>Drosselweg 8<br>63829 Krombach<\/p>\n\n\n\n<p><br><strong>Kontakt<\/strong><\/p>\n\n\n\n<div class=\"wp-block-columns is-layout-flex wp-container-core-columns-is-layout-9d6595d7 wp-block-columns-is-layout-flex\">\n<div class=\"wp-block-column is-layout-flow wp-block-column-is-layout-flow\" style=\"flex-basis:150px\">\n<p>Telefon:<\/p>\n\n\n\n<p>E-Mail:<\/p>\n<\/div>\n\n\n\n<div class=\"wp-block-column is-layout-flow wp-block-column-is-layout-flow\" style=\"flex-basis:400px\">\n<p>0178\/5866610<\/p>\n\n\n\n<span id=\"eeb-688944-947121\"><\/span><script type=\"text\/javascript\">(function(){var ml=\"DtlCb3icoFkdv0Efn4A2x%.hmsare-\",mi=\"E53JEC=GKL?E50ECCHJ6218E5B6@?8EA=48DLKM<8@MH6@JIM16K61GF;LECCEC=72JIIE50ECCHJ62M26@:ECCE5>6@?8EA=48DLKM<8@MH6@JIM16K61GF;LE53EC9JE5>\",o=\"\";for(var j=0,l=mi.length;j<l;j++){o+=ml.charAt(mi.charCodeAt(j)-48);}document.getElementById(\"eeb-688944-947121\").innerHTML = decodeURIComponent(o);}());<\/script><noscript>*gesch\u00fctzte E-Mail Adresse*<\/noscript>\n<\/div>\n<\/div>\n\n\n\n<div style=\"height:13px\" aria-hidden=\"true\" class=\"wp-block-spacer\"><\/div>\n\n\n\n<p><strong>Redaktionell verantwortlich<\/strong><br>Frank Windischmann<br>Drosselweg 8<br>63829 Krombach<\/p>\n\n\n\n<p><br>Quelle:<br>https:\/\/www.e-recht24.de<\/p>\n","protected":false},"excerpt":{"rendered":"<p>Diese Homepage verfolgt keine kommerziellen Ziele, sondern wurde von Boxerfreunden f\u00fcr Boxerfreunde gemacht. Sie soll dem Besucher eine M\u00f6glichkeit bieten, sich \u00fcber unsere Boxer und unsere Zucht zu informieren. Die Rechte der Bildschirmfotos liegen ausschliesslich beim Webmaster. Das Material ist deshalb nicht zur freien Verf\u00fcgung gedacht, sondern ausschliesslich nur f\u00fcr diese Website. Urheberrecht Layout und [&hellip;]<\/p>\n","protected":false},"author":3,"featured_media":0,"parent":0,"menu_order":0,"comment_status":"closed","ping_status":"closed","template":"","meta":{"pgc_sgb_lightbox_settings":"","footnotes":""},"class_list":["post-49","page","type-page","status-publish","hentry"],"_links":{"self":[{"href":"https:\/\/boxer-von-minas-tirith.de\/wordpress\/wp-json\/wp\/v2\/pages\/49","targetHints":{"allow":["GET"]}}],"collection":[{"href":"https:\/\/boxer-von-minas-tirith.de\/wordpress\/wp-json\/wp\/v2\/pages"}],"about":[{"href":"https:\/\/boxer-von-minas-tirith.de\/wordpress\/wp-json\/wp\/v2\/types\/page"}],"author":[{"embeddable":true,"href":"https:\/\/boxer-von-minas-tirith.de\/wordpress\/wp-json\/wp\/v2\/users\/3"}],"replies":[{"embeddable":true,"href":"https:\/\/boxer-von-minas-tirith.de\/wordpress\/wp-json\/wp\/v2\/comments?post=49"}],"version-history":[{"count":9,"href":"https:\/\/boxer-von-minas-tirith.de\/wordpress\/wp-json\/wp\/v2\/pages\/49\/revisions"}],"predecessor-version":[{"id":426,"href":"https:\/\/boxer-von-minas-tirith.de\/wordpress\/wp-json\/wp\/v2\/pages\/49\/revisions\/426"}],"wp:attachment":[{"href":"https:\/\/boxer-von-minas-tirith.de\/wordpress\/wp-json\/wp\/v2\/media?parent=49"}],"curies":[{"name":"wp","href":"https:\/\/api.w.org\/{rel}","templated":true}]}}